{"id":29,"date":"2023-05-25T16:22:49","date_gmt":"2023-05-25T14:22:49","guid":{"rendered":"https:\/\/atlantis.femi.de\/?page_id=29"},"modified":"2023-06-04T11:44:21","modified_gmt":"2023-06-04T09:44:21","slug":"impressum","status":"publish","type":"page","link":"https:\/\/atlantis.femi.de\/?page_id=29","title":{"rendered":"Impressum"},"content":{"rendered":"\n<p class=\"has-black-color has-white-background-color has-text-color has-background has-medium-font-size\">Impressum f\u00fcr die Webseite atlantis.femi.de:<\/p>\n\n\n\n<p class=\"has-black-color has-white-background-color has-text-color has-background has-medium-font-size\">Verantwortlich f\u00fcr den Inhalt:<br>Wolfgang Fial<br>J\u00f6slein 13<br>95512 Neudrossenfeld<\/p>\n\n\n\n<p class=\"has-black-color has-white-background-color has-text-color has-background has-medium-font-size\">Kontakt:<br>Telefon: 09203680241<br>E-Mail: [w.fial@arcor.de]<\/p>\n\n\n\n<p class=\"has-black-color has-white-background-color has-text-color has-background has-medium-font-size\">Haftungsausschluss:<br>Trotz sorgf\u00e4ltiger inhaltlicher Kontrolle \u00fcbernehmen wir keine Haftung f\u00fcr die Inhalte externer Links. F\u00fcr den Inhalt der verlinkten Seiten sind ausschlie\u00dflich deren Betreiber verantwortlich.<\/p>\n\n\n\n<p class=\"has-black-color has-white-background-color has-text-color has-background has-medium-font-size\">Urheberrecht:<br>Die durch den Seitenbetreiber erstellten Inhalte und Werke auf dieser Webseite unterliegen dem deutschen Urheberrecht. Die Vervielf\u00e4ltigung, Bearbeitung, Verbreitung und jede Art der Verwertung au\u00dferhalb der Grenzen des Urheberrechts bed\u00fcrfen der schriftlichen Zustimmung des jeweiligen Autors bzw. Erstellers. Downloads und Kopien dieser Seite sind nur f\u00fcr den privaten, nicht kommerziellen Gebrauch gestattet.<\/p>\n\n\n\n<p class=\"has-black-color has-white-background-color has-text-color has-background has-medium-font-size\">Datenschutz:<br>Die Nutzung unserer Webseite ist in der Regel ohne Angabe personenbezogener Daten m\u00f6glich. Soweit auf unserer Seite personenbezogene Daten (z.B. Name, Anschrift oder E-Mail-Adressen) erhoben werden, erfolgt dies auf freiwilliger Basis. Diese Daten werden ohne Ihre ausdr\u00fcckliche Zustimmung nicht an Dritte weitergegeben. Wir weisen darauf hin, dass die Daten\u00fcbertragung im Internet (z.B. bei der Kommunikation per E-Mail) Sicherheitsl\u00fccken aufweisen kann. Ein l\u00fcckenloser Schutz der Daten vor dem Zugriff durch Dritte ist nicht m\u00f6glich.<\/p>\n\n\n\n<p class=\"has-black-color has-white-background-color has-text-color has-background has-medium-font-size\"><\/p>\n","protected":false},"excerpt":{"rendered":"<p>Impressum f\u00fcr die Webseite atlantis.femi.de: Verantwortlich f\u00fcr den Inhalt:Wolfgang FialJ\u00f6slein 1395512 Neudrossenfeld Kontakt:Telefon: 09203680241E-Mail: [w.fial@arcor.de] Haftungsausschluss:Trotz sorgf\u00e4ltiger inhaltlicher Kontrolle \u00fcbernehmen wir keine Haftung f\u00fcr die Inhalte externer Links. F\u00fcr den &#8230;<\/p>\n","protected":false},"author":1,"featured_media":0,"parent":0,"menu_order":0,"comment_status":"closed","ping_status":"closed","template":"","meta":{"footnotes":""},"class_list":["post-29","page","type-page","status-publish","hentry"],"_links":{"self":[{"href":"https:\/\/atlantis.femi.de\/index.php?rest_route=\/wp\/v2\/pages\/29","targetHints":{"allow":["GET"]}}],"collection":[{"href":"https:\/\/atlantis.femi.de\/index.php?rest_route=\/wp\/v2\/pages"}],"about":[{"href":"https:\/\/atlantis.femi.de\/index.php?rest_route=\/wp\/v2\/types\/page"}],"author":[{"embeddable":true,"href":"https:\/\/atlantis.femi.de\/index.php?rest_route=\/wp\/v2\/users\/1"}],"replies":[{"embeddable":true,"href":"https:\/\/atlantis.femi.de\/index.php?rest_route=%2Fwp%2Fv2%2Fcomments&post=29"}],"version-history":[{"count":2,"href":"https:\/\/atlantis.femi.de\/index.php?rest_route=\/wp\/v2\/pages\/29\/revisions"}],"predecessor-version":[{"id":90,"href":"https:\/\/atlantis.femi.de\/index.php?rest_route=\/wp\/v2\/pages\/29\/revisions\/90"}],"wp:attachment":[{"href":"https:\/\/atlantis.femi.de\/index.php?rest_route=%2Fwp%2Fv2%2Fmedia&parent=29"}],"curies":[{"name":"wp","href":"https:\/\/api.w.org\/{rel}","templated":true}]}}