{"id":3,"date":"2023-05-25T13:55:45","date_gmt":"2023-05-25T11:55:45","guid":{"rendered":"https:\/\/atlantis.femi.de\/?page_id=3"},"modified":"2023-06-04T11:51:01","modified_gmt":"2023-06-04T09:51:01","slug":"datenschutzerklaerung","status":"publish","type":"page","link":"https:\/\/atlantis.femi.de\/?page_id=3","title":{"rendered":"Datenschutzerkl\u00e4rung"},"content":{"rendered":"\n<p>Datenschutzerkl\u00e4rung<\/p>\n\n\n\n<p>Vielen Dank f\u00fcr Ihren Besuch auf der Webseite atlantis.femi.de (nachfolgend &#8222;Webseite&#8220; genannt). Der Schutz Ihrer personenbezogenen Daten ist uns wichtig. Nachfolgend informieren wir Sie \u00fcber die Erhebung, Verarbeitung und Nutzung Ihrer Daten im Rahmen der Nutzung unserer Webseite gem\u00e4\u00df den geltenden datenschutzrechtlichen Bestimmungen.<\/p>\n\n\n\n<ol class=\"wp-block-list\">\n<li>Verantwortlicher<\/li>\n<\/ol>\n\n\n\n<p>Verantwortlicher im Sinne der Datenschutzgesetze ist:<\/p>\n\n\n\n<p>Wolfgang Fial<br>J\u00f6slein 13<br>95512 Neudrossenfeld<br>Deutschland<br>Telefon: 09203680241<br>E-Mail: w.fial@arcor.de<\/p>\n\n\n\n<ol class=\"wp-block-list\" start=\"2\">\n<li>Erhebung und Verarbeitung personenbezogener Daten<\/li>\n<\/ol>\n\n\n\n<p>a) Beim Besuch der Webseite<\/p>\n\n\n\n<p>Bei jedem Besuch unserer Webseite werden automatisch Informationen durch das System des aufrufenden Ger\u00e4ts erhoben. Diese Informationen sind technischer Natur und k\u00f6nnen personenbezogene Daten enthalten, wie zum Beispiel Ihre IP-Adresse, Datum und Uhrzeit des Zugriffs, Browsertyp und Betriebssystem sowie Informationen zu Ihrem Ger\u00e4t. Diese Daten werden tempor\u00e4r in den Logfiles des Systems gespeichert und dienen ausschlie\u00dflich der technischen Sicherheit und der Optimierung unserer Webseite. Eine Zusammenf\u00fchrung dieser Daten mit anderen Datenquellen wird nicht vorgenommen.<\/p>\n\n\n\n<p>b) Kontaktaufnahme<\/p>\n\n\n\n<p>Wenn Sie uns per E-Mail kontaktieren, werden die von Ihnen angegebenen personenbezogenen Daten (wie beispielsweise Ihr Name, Ihre E-Mail-Adresse oder Telefonnummer) gespeichert, um Ihre Anfrage bearbeiten zu k\u00f6nnen. Diese Daten geben wir nicht ohne Ihre Einwilligung weiter.<\/p>\n\n\n\n<ol class=\"wp-block-list\" start=\"3\">\n<li>Cookies<\/li>\n<\/ol>\n\n\n\n<p>Unsere Webseite verwendet Cookies, um bestimmte Funktionen bereitzustellen. Cookies sind kleine Textdateien, die auf Ihrem Endger\u00e4t gespeichert werden und bestimmte Informationen enthalten. Sie dienen dazu, die Benutzerfreundlichkeit unserer Webseite zu erh\u00f6hen und bestimmte Funktionen zu erm\u00f6glichen.<\/p>\n\n\n\n<p>Sie k\u00f6nnen die Speicherung von Cookies durch entsprechende Einstellungen in Ihrem Browser verhindern. Bitte beachten Sie jedoch, dass Sie in diesem Fall gegebenenfalls nicht alle Funktionen unserer Webseite vollumf\u00e4nglich nutzen k\u00f6nnen.<\/p>\n\n\n\n<ol class=\"wp-block-list\" start=\"4\">\n<li>Ihre Rechte<\/li>\n<\/ol>\n\n\n\n<p>Sie haben das Recht, Auskunft \u00fcber die zu Ihrer Person gespeicherten Daten zu erhalten. Dar\u00fcber hinaus haben Sie das Recht auf Berichtigung, L\u00f6schung oder Einschr\u00e4nkung der Verarbeitung Ihrer personenbezogenen Daten. Sie k\u00f6nnen auch der Verarbeitung Ihrer Daten widersprechen und haben das Recht auf Daten\u00fcbertragbarkeit.<\/p>\n\n\n\n<p>Bitte kontaktieren Sie uns schriftlich oder per E-Mail, um Ihre Rechte auszu\u00fcben oder bei Fragen zum Datenschutz. Unsere Kontaktdaten finden Sie oben im Abschnitt &#8222;Verantwortlicher&#8220;.<\/p>\n\n\n\n<ol class=\"wp-block-list\" start=\"5\">\n<li>Datensicherheit<\/li>\n<\/ol>\n\n\n\n<p>Wir treffen technische und organisatorische Ma\u00dfnahmen, um Ihre Daten gegen zuf\u00e4llige oder vors\u00e4tzliche Manipulation, Verlust, Zerst\u00f6rung oder gegen den Zugriff unberechtigter Personen zu sch\u00fctzen. Unsere Sicherheitsma\u00dfnahmen werden entsprechend der technologischen Entwicklung fortlaufend verbessert.<\/p>\n\n\n\n<ol class=\"wp-block-list\" start=\"6\">\n<li>\u00c4nderungen der Datenschutzerkl\u00e4rung<\/li>\n<\/ol>\n\n\n\n<p>Wir behalten uns vor, diese Datenschutzerkl\u00e4rung zu \u00e4ndern, um sie an ge\u00e4nderte Rechtslagen oder bei \u00c4nderungen des Dienstes sowie der Datenverarbeit<\/p>\n\n\n\n<p>ung anzupassen. Die jeweils aktuelle Datenschutzerkl\u00e4rung kann auf unserer Webseite abgerufen werden.<\/p>\n\n\n\n<p>Stand: 04.06.2023<\/p>\n\n\n\n<p><\/p>\n","protected":false},"excerpt":{"rendered":"<p>Datenschutzerkl\u00e4rung Vielen Dank f\u00fcr Ihren Besuch auf der Webseite atlantis.femi.de (nachfolgend &#8222;Webseite&#8220; genannt). Der Schutz Ihrer personenbezogenen Daten ist uns wichtig. Nachfolgend informieren wir Sie \u00fcber die Erhebung, Verarbeitung und &#8230;<\/p>\n","protected":false},"author":1,"featured_media":0,"parent":0,"menu_order":0,"comment_status":"closed","ping_status":"open","template":"","meta":{"footnotes":""},"class_list":["post-3","page","type-page","status-publish","hentry"],"_links":{"self":[{"href":"https:\/\/atlantis.femi.de\/index.php?rest_route=\/wp\/v2\/pages\/3","targetHints":{"allow":["GET"]}}],"collection":[{"href":"https:\/\/atlantis.femi.de\/index.php?rest_route=\/wp\/v2\/pages"}],"about":[{"href":"https:\/\/atlantis.femi.de\/index.php?rest_route=\/wp\/v2\/types\/page"}],"author":[{"embeddable":true,"href":"https:\/\/atlantis.femi.de\/index.php?rest_route=\/wp\/v2\/users\/1"}],"replies":[{"embeddable":true,"href":"https:\/\/atlantis.femi.de\/index.php?rest_route=%2Fwp%2Fv2%2Fcomments&post=3"}],"version-history":[{"count":3,"href":"https:\/\/atlantis.femi.de\/index.php?rest_route=\/wp\/v2\/pages\/3\/revisions"}],"predecessor-version":[{"id":93,"href":"https:\/\/atlantis.femi.de\/index.php?rest_route=\/wp\/v2\/pages\/3\/revisions\/93"}],"wp:attachment":[{"href":"https:\/\/atlantis.femi.de\/index.php?rest_route=%2Fwp%2Fv2%2Fmedia&parent=3"}],"curies":[{"name":"wp","href":"https:\/\/api.w.org\/{rel}","templated":true}]}}